{"id":362970,"date":"2021-07-13T23:45:07","date_gmt":"2021-07-13T16:45:07","guid":{"rendered":"https:\/\/vslc.com.vn\/cua-hang-vslc\/uncategorized\/restube-cuu-ho\/"},"modified":"2024-04-27T16:28:21","modified_gmt":"2024-04-27T09:28:21","slug":"restube-lifeguard","status":"publish","type":"product","link":"https:\/\/vslc.com.vn\/en\/cua-hang-vslc\/restube-en\/restube-lifesaving-en\/restube-lifeguard\/","title":{"rendered":"Restube Lifeguard"},"content":{"rendered":"<h2><span data-sheets-value=\"{&quot;1&quot;:2,&quot;2&quot;:&quot;For professional water rescue&quot;}\" data-sheets-userformat=\"{&quot;2&quot;:15233,&quot;3&quot;:{&quot;1&quot;:0},&quot;10&quot;:0,&quot;11&quot;:4,&quot;12&quot;:0,&quot;14&quot;:{&quot;1&quot;:2,&quot;2&quot;:742292},&quot;15&quot;:&quot;Calibri&quot;,&quot;16&quot;:12}\">For professional water rescue<\/span><\/h2>\n<p>For trained lifeguards. It is very compact and robust, just carry it stowed in its pocket with its hip belt or directly attached to your harness. Now you can carry instant buoyancy easily and focus more on the situation. Both hands are free, you can swim very fast, dive through waves or very deep. Pull the trigger and the 80cm long bendable Restube lifeguard buoy inflates within seconds. The drag &amp; secure lock system slides out of the pocket and the system provides more than enough buoyancy (75N) to secure an adult. It is reusable by screwing in a new original 16g CO2 cartridge and easy to repack after some practice.<\/p>\n<ul>\n<li><span data-sheets-value=\"{&quot;1&quot;:2,&quot;2&quot;:&quot;For professional water rescue&quot;}\" data-sheets-userformat=\"{&quot;2&quot;:15233,&quot;3&quot;:{&quot;1&quot;:0},&quot;10&quot;:0,&quot;11&quot;:4,&quot;12&quot;:0,&quot;14&quot;:{&quot;1&quot;:2,&quot;2&quot;:742292},&quot;15&quot;:&quot;Calibri&quot;,&quot;16&quot;:12}\" data-mce-fragment=\"1\">Full Restube function in rescue tube shape<\/span><\/li>\n<li><span data-sheets-value=\"{&quot;1&quot;:2,&quot;2&quot;:&quot;For professional water rescue&quot;}\" data-sheets-userformat=\"{&quot;2&quot;:15233,&quot;3&quot;:{&quot;1&quot;:0},&quot;10&quot;:0,&quot;11&quot;:4,&quot;12&quot;:0,&quot;14&quot;:{&quot;1&quot;:2,&quot;2&quot;:742292},&quot;15&quot;:&quot;Calibri&quot;,&quot;16&quot;:12}\" data-mce-fragment=\"1\">Buoyancy 75N (~7,5kg)<\/span><\/li>\n<li><span data-sheets-value=\"{&quot;1&quot;:2,&quot;2&quot;:&quot;For professional water rescue&quot;}\" data-sheets-userformat=\"{&quot;2&quot;:15233,&quot;3&quot;:{&quot;1&quot;:0},&quot;10&quot;:0,&quot;11&quot;:4,&quot;12&quot;:0,&quot;14&quot;:{&quot;1&quot;:2,&quot;2&quot;:742292},&quot;15&quot;:&quot;Calibri&quot;,&quot;16&quot;:12}\" data-mce-fragment=\"1\">Buoy length 80cm with 2 flex points<\/span><\/li>\n<li><span data-sheets-value=\"{&quot;1&quot;:2,&quot;2&quot;:&quot;For professional water rescue&quot;}\" data-sheets-userformat=\"{&quot;2&quot;:15233,&quot;3&quot;:{&quot;1&quot;:0},&quot;10&quot;:0,&quot;11&quot;:4,&quot;12&quot;:0,&quot;14&quot;:{&quot;1&quot;:2,&quot;2&quot;:742292},&quot;15&quot;:&quot;Calibri&quot;,&quot;16&quot;:12}\" data-mce-fragment=\"1\">Buoy diameter 13cm<\/span><\/li>\n<li><span data-sheets-value=\"{&quot;1&quot;:2,&quot;2&quot;:&quot;For professional water rescue&quot;}\" data-sheets-userformat=\"{&quot;2&quot;:15233,&quot;3&quot;:{&quot;1&quot;:0},&quot;10&quot;:0,&quot;11&quot;:4,&quot;12&quot;:0,&quot;14&quot;:{&quot;1&quot;:2,&quot;2&quot;:742292},&quot;15&quot;:&quot;Calibri&quot;,&quot;16&quot;:12}\" data-mce-fragment=\"1\">Yellow buoy with reflectors<\/span><\/li>\n<li><span data-sheets-value=\"{&quot;1&quot;:2,&quot;2&quot;:&quot;For professional water rescue&quot;}\" data-sheets-userformat=\"{&quot;2&quot;:15233,&quot;3&quot;:{&quot;1&quot;:0},&quot;10&quot;:0,&quot;11&quot;:4,&quot;12&quot;:0,&quot;14&quot;:{&quot;1&quot;:2,&quot;2&quot;:742292},&quot;15&quot;:&quot;Calibri&quot;,&quot;16&quot;:12}\" data-mce-fragment=\"1\">Up to 200 releases<\/span><\/li>\n<li><span data-sheets-value=\"{&quot;1&quot;:2,&quot;2&quot;:&quot;For professional water rescue&quot;}\" data-sheets-userformat=\"{&quot;2&quot;:15233,&quot;3&quot;:{&quot;1&quot;:0},&quot;10&quot;:0,&quot;11&quot;:4,&quot;12&quot;:0,&quot;14&quot;:{&quot;1&quot;:2,&quot;2&quot;:742292},&quot;15&quot;:&quot;Calibri&quot;,&quot;16&quot;:12}\" data-mce-fragment=\"1\">Inflatable also with mouth valve<\/span><\/li>\n<li><span data-sheets-value=\"{&quot;1&quot;:2,&quot;2&quot;:&quot;For professional water rescue&quot;}\" data-sheets-userformat=\"{&quot;2&quot;:15233,&quot;3&quot;:{&quot;1&quot;:0},&quot;10&quot;:0,&quot;11&quot;:4,&quot;12&quot;:0,&quot;14&quot;:{&quot;1&quot;:2,&quot;2&quot;:742292},&quot;15&quot;:&quot;Calibri&quot;,&quot;16&quot;:12}\" data-mce-fragment=\"1\">Extra robust buoy material<\/span><\/li>\n<li><span data-sheets-value=\"{&quot;1&quot;:2,&quot;2&quot;:&quot;For professional water rescue&quot;}\" data-sheets-userformat=\"{&quot;2&quot;:15233,&quot;3&quot;:{&quot;1&quot;:0},&quot;10&quot;:0,&quot;11&quot;:4,&quot;12&quot;:0,&quot;14&quot;:{&quot;1&quot;:2,&quot;2&quot;:742292},&quot;15&quot;:&quot;Calibri&quot;,&quot;16&quot;:12}\" data-mce-fragment=\"1\">Extra robust bag material<\/span><\/li>\n<li><span data-sheets-value=\"{&quot;1&quot;:2,&quot;2&quot;:&quot;For professional water rescue&quot;}\" data-sheets-userformat=\"{&quot;2&quot;:15233,&quot;3&quot;:{&quot;1&quot;:0},&quot;10&quot;:0,&quot;11&quot;:4,&quot;12&quot;:0,&quot;14&quot;:{&quot;1&quot;:2,&quot;2&quot;:742292},&quot;15&quot;:&quot;Calibri&quot;,&quot;16&quot;:12}\" data-mce-fragment=\"1\">Robust splint closing system<\/span><\/li>\n<li><span data-sheets-value=\"{&quot;1&quot;:2,&quot;2&quot;:&quot;For professional water rescue&quot;}\" data-sheets-userformat=\"{&quot;2&quot;:15233,&quot;3&quot;:{&quot;1&quot;:0},&quot;10&quot;:0,&quot;11&quot;:4,&quot;12&quot;:0,&quot;14&quot;:{&quot;1&quot;:2,&quot;2&quot;:742292},&quot;15&quot;:&quot;Calibri&quot;,&quot;16&quot;:12}\" data-mce-fragment=\"1\">Flexible equipment mounting (harness, belts, holster, &#8230;)<\/span><\/li>\n<li><span data-sheets-value=\"{&quot;1&quot;:2,&quot;2&quot;:&quot;For professional water rescue&quot;}\" data-sheets-userformat=\"{&quot;2&quot;:15233,&quot;3&quot;:{&quot;1&quot;:0},&quot;10&quot;:0,&quot;11&quot;:4,&quot;12&quot;:0,&quot;14&quot;:{&quot;1&quot;:2,&quot;2&quot;:742292},&quot;15&quot;:&quot;Calibri&quot;,&quot;16&quot;:12}\" data-mce-fragment=\"1\">Belt included (120 x 3,8 cm), one handed emergency opener<\/span><\/li>\n<li><span data-sheets-value=\"{&quot;1&quot;:2,&quot;2&quot;:&quot;For professional water rescue&quot;}\" data-sheets-userformat=\"{&quot;2&quot;:15233,&quot;3&quot;:{&quot;1&quot;:0},&quot;10&quot;:0,&quot;11&quot;:4,&quot;12&quot;:0,&quot;14&quot;:{&quot;1&quot;:2,&quot;2&quot;:742292},&quot;15&quot;:&quot;Calibri&quot;,&quot;16&quot;:12}\" data-mce-fragment=\"1\">Horizontally and vertically attachable at belts up to 7cm<\/span><\/li>\n<li><span data-sheets-value=\"{&quot;1&quot;:2,&quot;2&quot;:&quot;For professional water rescue&quot;}\" data-sheets-userformat=\"{&quot;2&quot;:15233,&quot;3&quot;:{&quot;1&quot;:0},&quot;10&quot;:0,&quot;11&quot;:4,&quot;12&quot;:0,&quot;14&quot;:{&quot;1&quot;:2,&quot;2&quot;:742292},&quot;15&quot;:&quot;Calibri&quot;,&quot;16&quot;:12}\" data-mce-fragment=\"1\">Trigger handle also has a whistle function<\/span><\/li>\n<li><span data-sheets-value=\"{&quot;1&quot;:2,&quot;2&quot;:&quot;For professional water rescue&quot;}\" data-sheets-userformat=\"{&quot;2&quot;:15233,&quot;3&quot;:{&quot;1&quot;:0},&quot;10&quot;:0,&quot;11&quot;:4,&quot;12&quot;:0,&quot;14&quot;:{&quot;1&quot;:2,&quot;2&quot;:742292},&quot;15&quot;:&quot;Calibri&quot;,&quot;16&quot;:12}\" data-mce-fragment=\"1\">Secure casualties of any body size<\/span><\/li>\n<li><span data-sheets-value=\"{&quot;1&quot;:2,&quot;2&quot;:&quot;For professional water rescue&quot;}\" data-sheets-userformat=\"{&quot;2&quot;:15233,&quot;3&quot;:{&quot;1&quot;:0},&quot;10&quot;:0,&quot;11&quot;:4,&quot;12&quot;:0,&quot;14&quot;:{&quot;1&quot;:2,&quot;2&quot;:742292},&quot;15&quot;:&quot;Calibri&quot;,&quot;16&quot;:12}\" data-mce-fragment=\"1\">Flexible buoy with adjustable hook system<\/span><\/li>\n<li><span data-sheets-value=\"{&quot;1&quot;:2,&quot;2&quot;:&quot;For professional water rescue&quot;}\" data-sheets-userformat=\"{&quot;2&quot;:15233,&quot;3&quot;:{&quot;1&quot;:0},&quot;10&quot;:0,&quot;11&quot;:4,&quot;12&quot;:0,&quot;14&quot;:{&quot;1&quot;:2,&quot;2&quot;:742292},&quot;15&quot;:&quot;Calibri&quot;,&quot;16&quot;:12}\" data-mce-fragment=\"1\">Floating &amp; reflective drag line (1,80m)<\/span><\/li>\n<li><span data-sheets-value=\"{&quot;1&quot;:2,&quot;2&quot;:&quot;For professional water rescue&quot;}\" data-sheets-userformat=\"{&quot;2&quot;:15233,&quot;3&quot;:{&quot;1&quot;:0},&quot;10&quot;:0,&quot;11&quot;:4,&quot;12&quot;:0,&quot;14&quot;:{&quot;1&quot;:2,&quot;2&quot;:742292},&quot;15&quot;:&quot;Calibri&quot;,&quot;16&quot;:12}\" data-mce-fragment=\"1\">Extra pouch to sort the drag system<\/span><\/li>\n<li><span data-sheets-value=\"{&quot;1&quot;:2,&quot;2&quot;:&quot;For professional water rescue&quot;}\" data-sheets-userformat=\"{&quot;2&quot;:15233,&quot;3&quot;:{&quot;1&quot;:0},&quot;10&quot;:0,&quot;11&quot;:4,&quot;12&quot;:0,&quot;14&quot;:{&quot;1&quot;:2,&quot;2&quot;:742292},&quot;15&quot;:&quot;Calibri&quot;,&quot;16&quot;:12}\" data-mce-fragment=\"1\">Secure lock system with 250kg maximum load<\/span><\/li>\n<\/ul>\n<p>Warranty Period: 2 years<\/p>\n","protected":false},"excerpt":{"rendered":"<h2><span data-sheets-value=\"{&quot;1&quot;:2,&quot;2&quot;:&quot;For professional water rescue&quot;}\" data-sheets-userformat=\"{&quot;2&quot;:15233,&quot;3&quot;:{&quot;1&quot;:0},&quot;10&quot;:0,&quot;11&quot;:4,&quot;12&quot;:0,&quot;14&quot;:{&quot;1&quot;:2,&quot;2&quot;:742292},&quot;15&quot;:&quot;Calibri&quot;,&quot;16&quot;:12}\">For professional water rescue<\/span><\/h2>\n<p>For trained lifeguards. It is very compact and robust, just carry it stowed in its pocket with its hip belt or directly attached to your harness. Now you can carry instant buoyancy easily and focus more on the situation. Both hands are free, you can swim very fast, dive through waves or very deep. Pull the trigger and the 80cm long bendable Restube lifeguard buoy inflates within seconds. The drag &amp; secure lock system slides out of the pocket and the system provides more than enough buoyancy (75N) to secure an adult. It is reusable by screwing in a new original 16g CO2 cartridge and easy to repack after some practice.<\/p>\n","protected":false},"featured_media":348587,"comment_status":"closed","ping_status":"closed","template":"","meta":{"_et_pb_use_builder":"off","_et_pb_old_content":"<h2><span data-sheets-value=\"{\"1\":2,\"2\":\"For professional water rescue\"}\" data-sheets-userformat=\"{\"2\":15233,\"3\":{\"1\":0},\"10\":0,\"11\":4,\"12\":0,\"14\":{\"1\":2,\"2\":742292},\"15\":\"Calibri\",\"16\":12}\">D\u00e0nh cho nh\u00e2n vi\u00ean c\u1ee9u h\u1ed9 chuy\u00ean nghi\u1ec7p d\u01b0\u1edbi n\u01b0\u1edbc<\/span><\/h2>\r\n<span data-sheets-value=\"{\"1\":2,\"2\":\"For professional water rescue\"}\" data-sheets-userformat=\"{\"2\":15233,\"3\":{\"1\":0},\"10\":0,\"11\":4,\"12\":0,\"14\":{\"1\":2,\"2\":742292},\"15\":\"Calibri\",\"16\":12}\">D\u00e0nh cho c\u00e1c nh\u00e2n vi\u00ean c\u1ee9u h\u1ed9 \u0111\u00e3 qua \u0111\u00e0o t\u1ea1o. S\u1ea3n ph\u1ea9m r\u1ea5t nh\u1ecf g\u1ecdn v\u00e0 ki\u00ean c\u1ed1, ch\u1ec9 c\u1ea7n mang g\u1ecdn g\u00e0ng trong t\u00fai ho\u1eb7c \u0111\u00ednh \u1edf \u0111ai th\u1eaft l\u01b0ng hay g\u1eafn tr\u1ef1c ti\u1ebfp v\u00e0o \u0111\u1ed3 b\u1ea3o h\u1ed9. Gi\u1edd \u0111\u00e2y c\u00f3 th\u1ec3 d\u1ec5 d\u00e0ng mang theo trang b\u1ecb tr\u1ee3 n\u1ed5i ngay l\u1eadp t\u1ee9c v\u00e0 t\u1eadp trung ho\u00e0n to\u00e0n v\u00e0o nhi\u1ec7m v\u1ee5. Khi hai tay kh\u00f4ng c\u00f2n v\u01b0\u1edbng b\u1eadn g\u00ec, b\u1ea1n c\u00f3 th\u1ec3 b\u01a1i th\u1eadt nhanh, qua nh\u1eefng con s\u00f3ng ho\u1eb7c l\u1eb7n th\u1eadt s\u00e2u. Ch\u1ec9 c\u1ea7n k\u00e9o c\u00f2 v\u00e0 \u1ed1ng phao RESTUBE Lifeguard linh ho\u1ea1t d\u00e0i 80cm \u0111\u00e3 \u0111\u01b0\u1ee3c b\u01a1m ph\u1ed3ng trong v\u00f2ng v\u00e0i gi\u00e2y \u1edf d\u01b0\u1edbi n\u01b0\u1edbc. Gi\u1eadt kho\u00e1 ra kh\u1ecfi t\u00fai v\u00e0 b\u1ed9 s\u1ea3n ph\u1ea9m c\u00f3 th\u1ec3 cung c\u1ea5p l\u1ef1c n\u1ed5i (75N) \u0111\u1ee7 cho m\u1ed9t ng\u01b0\u1eddi l\u1edbn. C\u00f3 th\u1ec3 t\u00e1i s\u1eed d\u1ee5ng s\u1ea3n ph\u1ea9m b\u1eb1ng c\u00e1ch l\u1eafp b\u00ecnh b\u01a1m h\u01a1i CO2 thay th\u1ebf v\u1edbi tr\u1ecdng l\u01b0\u1ee3ng 16g v\u00e0 c\u00f3 th\u1ec3 d\u1ec5 d\u00e0ng thu x\u1ebfp l\u1ea1i sau khi \u0111\u00e3 d\u00f9ng.<\/span>\r\n<ul>\r\n \t<li><span data-sheets-value=\"{\"1\":2,\"2\":\"For professional water rescue\"}\" data-sheets-userformat=\"{\"2\":15233,\"3\":{\"1\":0},\"10\":0,\"11\":4,\"12\":0,\"14\":{\"1\":2,\"2\":742292},\"15\":\"Calibri\",\"16\":12}\">\u0110\u1ea7y \u0111\u1ee7 ch\u1ee9c n\u0103ng c\u1ee7a RESTUBE trong h\u00ecnh d\u00e1ng phao ng\u01b0 l\u00f4i<\/span><\/li>\r\n \t<li><span data-sheets-value=\"{\"1\":2,\"2\":\"For professional water rescue\"}\" data-sheets-userformat=\"{\"2\":15233,\"3\":{\"1\":0},\"10\":0,\"11\":4,\"12\":0,\"14\":{\"1\":2,\"2\":742292},\"15\":\"Calibri\",\"16\":12}\">L\u1ef1c n\u1ed5i: 75N (~7,5kg)<\/span><\/li>\r\n \t<li><span data-sheets-value=\"{\"1\":2,\"2\":\"For professional water rescue\"}\" data-sheets-userformat=\"{\"2\":15233,\"3\":{\"1\":0},\"10\":0,\"11\":4,\"12\":0,\"14\":{\"1\":2,\"2\":742292},\"15\":\"Calibri\",\"16\":12}\">Chi\u1ec1u d\u00e0i c\u1ee7a phao: 80cm - v\u1edbi hai \u0111\u1ea7u linh ho\u1ea1t<\/span><\/li>\r\n \t<li><span data-sheets-value=\"{\"1\":2,\"2\":\"For professional water rescue\"}\" data-sheets-userformat=\"{\"2\":15233,\"3\":{\"1\":0},\"10\":0,\"11\":4,\"12\":0,\"14\":{\"1\":2,\"2\":742292},\"15\":\"Calibri\",\"16\":12}\">\u0110\u01b0\u1eddng k\u00ednh c\u1ee7a phao: 13cm<\/span><\/li>\r\n \t<li><span data-sheets-value=\"{\"1\":2,\"2\":\"For professional water rescue\"}\" data-sheets-userformat=\"{\"2\":15233,\"3\":{\"1\":0},\"10\":0,\"11\":4,\"12\":0,\"14\":{\"1\":2,\"2\":742292},\"15\":\"Calibri\",\"16\":12}\">Phao m\u00e0u v\u00e0ng v\u1edbi c\u00e1c \u0111i\u1ec3m c\u00f3 mi\u1ebfng h\u1eaft s\u00e1ng<\/span><\/li>\r\n \t<li><span data-sheets-value=\"{\"1\":2,\"2\":\"For professional water rescue\"}\" data-sheets-userformat=\"{\"2\":15233,\"3\":{\"1\":0},\"10\":0,\"11\":4,\"12\":0,\"14\":{\"1\":2,\"2\":742292},\"15\":\"Calibri\",\"16\":12}\">T\u00e1i s\u1eed d\u1ee5ng l\u00ean \u0111\u1ebfn 200 l\u1ea7n<\/span><\/li>\r\n \t<li><span data-sheets-value=\"{\"1\":2,\"2\":\"For professional water rescue\"}\" data-sheets-userformat=\"{\"2\":15233,\"3\":{\"1\":0},\"10\":0,\"11\":4,\"12\":0,\"14\":{\"1\":2,\"2\":742292},\"15\":\"Calibri\",\"16\":12}\">C\u00f3 khoan ri\u00eang \u0111\u1ec3 th\u1ed5i ph\u1ed3ng b\u1eb1ng mi\u1ec7ng<\/span><\/li>\r\n \t<li><span data-sheets-value=\"{\"1\":2,\"2\":\"For professional water rescue\"}\" data-sheets-userformat=\"{\"2\":15233,\"3\":{\"1\":0},\"10\":0,\"11\":4,\"12\":0,\"14\":{\"1\":2,\"2\":742292},\"15\":\"Calibri\",\"16\":12}\">Ch\u1ea5t li\u1ec7u phao b\u1ec1n b\u1ec9<\/span><\/li>\r\n \t<li><span data-sheets-value=\"{\"1\":2,\"2\":\"For professional water rescue\"}\" data-sheets-userformat=\"{\"2\":15233,\"3\":{\"1\":0},\"10\":0,\"11\":4,\"12\":0,\"14\":{\"1\":2,\"2\":742292},\"15\":\"Calibri\",\"16\":12}\">Ch\u1ea5t li\u1ec7u t\u00fai \u0111\u1ef1ng c\u1ee9ng c\u00e1p<\/span><\/li>\r\n \t<li><span data-sheets-value=\"{\"1\":2,\"2\":\"For professional water rescue\"}\" data-sheets-userformat=\"{\"2\":15233,\"3\":{\"1\":0},\"10\":0,\"11\":4,\"12\":0,\"14\":{\"1\":2,\"2\":742292},\"15\":\"Calibri\",\"16\":12}\">C\u01a1 ch\u1ebf \u0111\u00f3ng b\u1eb1ng thanh n\u1eb9p ki\u00ean c\u1ed1<\/span><\/li>\r\n \t<li><span data-sheets-value=\"{\"1\":2,\"2\":\"For rough conditions\"}\" data-sheets-userformat=\"{\"2\":15233,\"3\":{\"1\":0},\"10\":0,\"11\":4,\"12\":0,\"14\":{\"1\":2,\"2\":742292},\"15\":\"Calibri\",\"16\":12}\">C\u00f3 th\u1ec3 g\u1eafn v\u00e0o nhi\u1ec1u lo\u1ea1i trang thi\u1ebft b\u1ecb (\u0111\u1ed3 b\u1ea3o h\u1ed9, th\u1eaft l\u01b0ng, bao s\u00fang...)<\/span><\/li>\r\n \t<li><span data-sheets-value=\"{\"1\":2,\"2\":\"For professional water rescue\"}\" data-sheets-userformat=\"{\"2\":15233,\"3\":{\"1\":0},\"10\":0,\"11\":4,\"12\":0,\"14\":{\"1\":2,\"2\":742292},\"15\":\"Calibri\",\"16\":12}\">B\u1ed9 s\u1ea3n ph\u1ea9m \u0111i k\u00e8m \u0111ai th\u1eaft l\u01b0ng (120 x 3,8 cm), c\u00f3 c\u00f2 m\u1edf kh\u1ea9n c\u1ea5p b\u1eb1ng m\u1ed9t tay<\/span><\/li>\r\n \t<li><span data-sheets-value=\"{\"1\":2,\"2\":\"For professional water rescue\"}\" data-sheets-userformat=\"{\"2\":15233,\"3\":{\"1\":0},\"10\":0,\"11\":4,\"12\":0,\"14\":{\"1\":2,\"2\":742292},\"15\":\"Calibri\",\"16\":12}\">C\u00f3 th\u1ec3 g\u1eafn v\u00e0o \u0111ai th\u1eaft l\u01b0ng theo ph\u01b0\u01a1ng ngang v\u00e0 d\u1ecdc v\u1edbi b\u1ea3n r\u1ed9ng \u0111\u1ebfn 7 cm<\/span><\/li>\r\n \t<li><span data-sheets-value=\"{\"1\":2,\"2\":\"For professional water rescue\"}\" data-sheets-userformat=\"{\"2\":15233,\"3\":{\"1\":0},\"10\":0,\"11\":4,\"12\":0,\"14\":{\"1\":2,\"2\":742292},\"15\":\"Calibri\",\"16\":12}\">C\u00f2 k\u00edch ho\u1ea1t c\u00f3 th\u1ec3 s\u1eed d\u1ee5ng l\u00e0m c\u00f2i th\u1ed5i<\/span><\/li>\r\n \t<li><span data-sheets-value=\"{\"1\":2,\"2\":\"For professional water rescue\"}\" data-sheets-userformat=\"{\"2\":15233,\"3\":{\"1\":0},\"10\":0,\"11\":4,\"12\":0,\"14\":{\"1\":2,\"2\":742292},\"15\":\"Calibri\",\"16\":12}\">C\u00f3 th\u1ec3 \u0111\u1ee1 \u0111\u01b0\u1ee3c m\u1ecdi n\u1ea1n nh\u00e2n v\u1edbi \u0111\u1ee7 k\u00edch th\u01b0\u1edbc<\/span><\/li>\r\n \t<li><span data-sheets-value=\"{\"1\":2,\"2\":\"For professional water rescue\"}\" data-sheets-userformat=\"{\"2\":15233,\"3\":{\"1\":0},\"10\":0,\"11\":4,\"12\":0,\"14\":{\"1\":2,\"2\":742292},\"15\":\"Calibri\",\"16\":12}\">Phao tr\u1ee3 n\u1ed5i linh ho\u1ea1t v\u1edbi c\u01a1 ch\u1ebf c\u00f3 m\u00f3c \u0111a d\u1ee5ng<\/span><\/li>\r\n \t<li><span data-sheets-value=\"{\"1\":2,\"2\":\"For professional water rescue\"}\" data-sheets-userformat=\"{\"2\":15233,\"3\":{\"1\":0},\"10\":0,\"11\":4,\"12\":0,\"14\":{\"1\":2,\"2\":742292},\"15\":\"Calibri\",\"16\":12}\">D\u00e2y r\u00fat cu\u1ed9n t\u1ef1 n\u1ed5i v\u00e0 \u0111a d\u1ee5ng (chi\u1ec1u d\u00e0i 1,8m)<\/span><\/li>\r\n \t<li><span data-sheets-value=\"{\"1\":2,\"2\":\"For professional water rescue\"}\" data-sheets-userformat=\"{\"2\":15233,\"3\":{\"1\":0},\"10\":0,\"11\":4,\"12\":0,\"14\":{\"1\":2,\"2\":742292},\"15\":\"Calibri\",\"16\":12}\">C\u00f3 t\u00fai \u0111\u1ef1ng ph\u1ea7n d\u00e2y r\u00fat cu\u1ed9n<\/span><\/li>\r\n \t<li><span data-sheets-value=\"{\"1\":2,\"2\":\"For professional water rescue\"}\" data-sheets-userformat=\"{\"2\":15233,\"3\":{\"1\":0},\"10\":0,\"11\":4,\"12\":0,\"14\":{\"1\":2,\"2\":742292},\"15\":\"Calibri\",\"16\":12}\">H\u1ec7 th\u1ed1ng kho\u00e1 ch\u1ecbu \u0111\u01b0\u1ee3c tr\u1ecdng t\u1ea3i t\u1ed1i \u0111a l\u00ean t\u1edbi 250kg<\/span><\/li>\r\n<\/ul>\r\nTh\u1eddi h\u1ea1n b\u1ea3o h\u00e0nh: 2 n\u0103m","_et_gb_content_width":"","content-type":""},"product_brand":[],"product_cat":[208,232],"product_tag":[],"class_list":{"0":"post-362970","1":"product","2":"type-product","3":"status-publish","4":"has-post-thumbnail","6":"product_cat-restube-en","7":"product_cat-restube-lifesaving-en","8":"product_shipping_class-restube","10":"first","11":"instock","12":"taxable","13":"shipping-taxable","14":"purchasable","15":"product-type-simple"},"_links":{"self":[{"href":"https:\/\/vslc.com.vn\/en\/wp-json\/wp\/v2\/product\/362970","targetHints":{"allow":["GET"]}}],"collection":[{"href":"https:\/\/vslc.com.vn\/en\/wp-json\/wp\/v2\/product"}],"about":[{"href":"https:\/\/vslc.com.vn\/en\/wp-json\/wp\/v2\/types\/product"}],"replies":[{"embeddable":true,"href":"https:\/\/vslc.com.vn\/en\/wp-json\/wp\/v2\/comments?post=362970"}],"wp:featuredmedia":[{"embeddable":true,"href":"https:\/\/vslc.com.vn\/en\/wp-json\/wp\/v2\/media\/348587"}],"wp:attachment":[{"href":"https:\/\/vslc.com.vn\/en\/wp-json\/wp\/v2\/media?parent=362970"}],"wp:term":[{"taxonomy":"product_brand","embeddable":true,"href":"https:\/\/vslc.com.vn\/en\/wp-json\/wp\/v2\/product_brand?post=362970"},{"taxonomy":"product_cat","embeddable":true,"href":"https:\/\/vslc.com.vn\/en\/wp-json\/wp\/v2\/product_cat?post=362970"},{"taxonomy":"product_tag","embeddable":true,"href":"https:\/\/vslc.com.vn\/en\/wp-json\/wp\/v2\/product_tag?post=362970"}],"curies":[{"name":"wp","href":"https:\/\/api.w.org\/{rel}","templated":true}]}}