{"id":260482,"date":"2020-06-10T16:15:02","date_gmt":"2020-06-10T09:15:02","guid":{"rendered":"https:\/\/vslc.com.vn\/?post_type=product&#038;p=260482"},"modified":"2020-10-15T14:09:09","modified_gmt":"2020-10-15T07:09:09","slug":"emergency-first-aid-hcmc-october-2020","status":"publish","type":"product","link":"https:\/\/vslc.com.vn\/en\/cua-hang-vslc\/first-aid-courses\/emergency-first-aid-hcmc-october-2020\/","title":{"rendered":"Emergency First Aid, HCMC"},"content":{"rendered":"<p>H\u1ecdc v\u00e0 nh\u1eadn ch\u1ee9ng ch\u1ec9 S\u01a1 C\u1ea5p c\u1ee9u v\u1edbi kh\u00f3a h\u1ecdc trong v\u00f2ng 1 ng\u00e0y n\u00e0y. Kh\u00f3a h\u1ecdc n\u00e0y ph\u00f9 h\u1ee3p v\u1edbi nh\u1eefng ai mu\u1ed1n h\u1ecdc ho\u1eb7c b\u1ed5 sung ki\u1ebfn th\u1ee9c c\u01a1 b\u1ea3n v\u1ec1 s\u01a1 c\u1ee9u.<\/p>\n<p>Kh\u00f3a \u0111\u00e0o t\u1ea1o c\u1ee7a ch\u00fang t\u00f4i \u0111\u01b0\u1ee3c c\u00e1c gi\u00e1o vi\u00ean gi\u00e0u kinh nghi\u1ec7m \u0111\u1ee9ng l\u1edbp c\u0169ng nh\u01b0 \u0111\u01b0\u1ee3c gi\u1ea3ng d\u1ea1y \u0111\u00fang theo Khung h\u01b0\u1edbng d\u1eabn c\u1ee7a H\u1ed9i \u0111\u1ed3ng H\u1ed3i s\u1ee9c Ch\u00e2u \u00c2u. Sau khi \u0111\u00e3 ho\u00e0n th\u00e0nh kh\u00f3a \u0111\u00e0o t\u1ea1o, h\u1ecdc vi\u00ean s\u1ebd \u0111\u01b0\u1ee3c c\u1ea5p ch\u1ee9ng ch\u1ec9 S\u01a1 C\u1ea5p c\u1ee9u t\u1eeb VSLC.<\/p>\n<p>You can see the full <a href=\"https:\/\/vslc.com.vn\/vslc-emergency-first-aid\/\" target=\"_blank\" rel=\"noopener noreferrer\">qualification specification for this course here<\/a>. C\u00e1c b\u1ea1n c\u00f3 th\u1ec3 xem \u0111\u1ea7y \u0111\u1ee7 <a href=\"https:\/\/vslc.com.vn\/vslc-emergency-first-aid\/\">th\u00f4ng tin v\u1ec1 kh\u00f3a h\u1ecdc t\u1ea1i \u0111\u00e2y.<\/a><\/p>\n<p><b>T\u1ea1i sao ph\u1ea3i h\u1ecdc c\u00e1ch s\u01a1 c\u1ee9u?<br \/>\n<\/b>S\u01a1 c\u1ee9u l\u00e0 m\u1ed9t k\u1ef9 n\u0103ng quan tr\u1ecdng \u0111\u1ec3 sinh t\u1ed3n &#8211; c\u00e1c t\u00ecnh hu\u1ed1ng y t\u1ebf kh\u1ea9n c\u1ea5p hay tai n\u1ea1n c\u00f3 th\u1ec3 x\u1ea3y \u0111\u1ebfn b\u1ea5t c\u1ee9 l\u00fac n\u00e0o, do \u0111\u00f3 vi\u1ec7c th\u1ef1c hi\u1ec7n s\u01a1 c\u1ee9u hi\u1ec7u qu\u1ea3 c\u00f3 th\u1ec3 t\u1ea1o ra s\u1ef1 kh\u00e1c bi\u1ec7t r\u00f5 r\u1ec7t cho n\u1ea1n nh\u00e2n. Trong nh\u1eefng m\u00f4i tr\u01b0\u1eddng m\u00e0 s\u1ef1 h\u1ed7 tr\u1ee3 chuy\u00ean m\u00f4n c\u1ee7a y t\u1ebf kh\u00f4ng ph\u1ea3i l\u00fac n\u00e0o c\u0169ng c\u00f3 m\u1eb7t k\u1ecbp th\u1eddi c\u0169ng nh\u01b0 r\u1ee7i ro ch\u1ea5n th\u01b0\u01a1ng cao th\u00ec s\u1ef1 c\u1ea7n thi\u1ebft c\u1ee7a ki\u1ebfn th\u1ee9c v\u1ec1 s\u01a1 c\u1ee9u l\u00e0 \u0111i\u1ec1u kh\u00f4ng th\u1ec3 b\u00e0n c\u00e3i.<\/p>\n<p><b>L\u01b0u \u00fd khi tham gia kh\u00f3a \u0111\u00e0o t\u1ea1o<br \/>\n<\/b>Kh\u00f3a h\u1ecdc s\u1ebd \u0111\u01b0\u1ee3c th\u1ef1c hi\u1ec7n b\u1eb1ng c\u1ea3 ti\u1ebfng Anh v\u00e0 ti\u1ebfng Vi\u1ec7t. H\u00e3y c\u00f9ng theo d\u00f5i l\u1ecbch c\u1ee7a c\u00e1c kh\u00f3a h\u1ecdc trong th\u1eddi gian t\u1edbi ho\u1eb7c <a href=\"https:\/\/vslc.com.vn\/en\/contact\/\">li\u00ean h\u1ec7<\/a> \u0111\u1ec3 \u0111\u0103ng k\u00fd h\u1ecdc.<\/p>\n<p>S\u1ed1 h\u1ecdc vi\u00ean t\u1ed1i \u0111a c\u1ee7a m\u1ed7i kh\u00f3a \u0111\u00e0o t\u1ea1o l\u00e0 12, s\u1ed1 h\u1ecdc vi\u00ean t\u1ed1i thi\u1ec3u l\u00e0 5. B\u1ea1n s\u1ebd \u0111\u01b0\u1ee3c \u0111\u1ec1 ngh\u1ecb chuy\u1ec3n l\u1ecbch h\u1ecdc sang m\u1ed9t kh\u00f3a \u0111\u00e0o t\u1ea1o c\u1ee7a ng\u00e0y kh\u00e1c ho\u1eb7c \u0111\u01b0\u1ee3c ho\u00e0n ti\u1ec1n trong tr\u01b0\u1eddng h\u1ee3p kh\u00f3a h\u1ecdc kh\u00f4ng c\u00f3 \u0111\u1ee7 s\u1ed1 h\u1ecdc vi\u00ean t\u1ed1i thi\u1ec3u.<\/p>\n<p>H\u1ecdc vi\u00ean ph\u1ea3i \u0111\u1ee7 16 tu\u1ed5i m\u1edbi \u0111\u01b0\u1ee3c tham gia kh\u00f3a \u0111\u00e0o t\u1ea1o n\u00e0y. H\u1ecdc ph\u00ed ph\u1ea3i \u0111\u01b0\u1ee3c thanh to\u00e1n tr\u01b0\u1edbc khi kh\u00f3a h\u1ecdc di\u1ec5n ra \u0111\u1ec3 x\u00e1c nh\u1eadn h\u1ecdc vi\u00ean \u0111\u00e3 \u0111\u0103ng k\u00fd th\u00e0nh c\u00f4ng.<\/p>\n","protected":false},"excerpt":{"rendered":"<p>H\u1ecdc v\u00e0 nh\u1eadn ch\u1ee9ng ch\u1ec9 S\u01a1 C\u1ea5p c\u1ee9u v\u1edbi kh\u00f3a h\u1ecdc trong v\u00f2ng 1 ng\u00e0y n\u00e0y. Kh\u00f3a h\u1ecdc n\u00e0y ph\u00f9 h\u1ee3p v\u1edbi nh\u1eefng ai mu\u1ed1n h\u1ecdc ho\u1eb7c b\u1ed5 sung ki\u1ebfn th\u1ee9c c\u01a1 b\u1ea3n v\u1ec1 s\u01a1 c\u1ee9u. Kh\u00f3a \u0111\u00e0o t\u1ea1o c\u1ee7a ch\u00fang t\u00f4i \u0111\u01b0\u1ee3c c\u00e1c gi\u00e1o vi\u00ean gi\u00e0u kinh nghi\u1ec7m \u0111\u1ee9ng l\u1edbp c\u0169ng nh\u01b0 \u0111\u01b0\u1ee3c gi\u1ea3ng [&hellip;]<\/p>\n","protected":false},"featured_media":0,"comment_status":"closed","ping_status":"closed","template":"","meta":{"_et_pb_use_builder":"","_et_pb_old_content":"","_et_gb_content_width":"","content-type":""},"product_brand":[],"product_cat":[63],"product_tag":[],"class_list":{"0":"post-260482","1":"product","2":"type-product","3":"status-publish","5":"product_cat-first-aid-courses","7":"first","8":"instock","9":"taxable","10":"shipping-taxable","11":"purchasable","12":"product-type-simple"},"_links":{"self":[{"href":"https:\/\/vslc.com.vn\/en\/wp-json\/wp\/v2\/product\/260482","targetHints":{"allow":["GET"]}}],"collection":[{"href":"https:\/\/vslc.com.vn\/en\/wp-json\/wp\/v2\/product"}],"about":[{"href":"https:\/\/vslc.com.vn\/en\/wp-json\/wp\/v2\/types\/product"}],"replies":[{"embeddable":true,"href":"https:\/\/vslc.com.vn\/en\/wp-json\/wp\/v2\/comments?post=260482"}],"wp:attachment":[{"href":"https:\/\/vslc.com.vn\/en\/wp-json\/wp\/v2\/media?parent=260482"}],"wp:term":[{"taxonomy":"product_brand","embeddable":true,"href":"https:\/\/vslc.com.vn\/en\/wp-json\/wp\/v2\/product_brand?post=260482"},{"taxonomy":"product_cat","embeddable":true,"href":"https:\/\/vslc.com.vn\/en\/wp-json\/wp\/v2\/product_cat?post=260482"},{"taxonomy":"product_tag","embeddable":true,"href":"https:\/\/vslc.com.vn\/en\/wp-json\/wp\/v2\/product_tag?post=260482"}],"curies":[{"name":"wp","href":"https:\/\/api.w.org\/{rel}","templated":true}]}}