{"id":363029,"date":"2021-12-07T00:13:33","date_gmt":"2021-12-06T17:13:33","guid":{"rendered":"https:\/\/vslc.com.vn\/?page_id=363029"},"modified":"2021-12-07T15:53:07","modified_gmt":"2021-12-07T08:53:07","slug":"course-assessment-submissions","status":"publish","type":"page","link":"https:\/\/vslc.com.vn\/en\/course-assessment-submissions\/","title":{"rendered":"Course Assessment Submissions"},"content":{"rendered":"<p>[et_pb_section fb_built=&#8221;1&#8243; custom_padding_last_edited=&#8221;on|phone&#8221; admin_label=&#8221;Rain Must Fall Content &#8211; Freddie&#8221; module_class=&#8221;freddie_rain_must_fall_content&#8221; _builder_version=&#8221;3.22.7&#8243; custom_padding=&#8221;7px|||||&#8221; custom_padding_tablet=&#8221;60px||20px|&#8221; custom_padding_phone=&#8221;40px||&#8221; z_index_tablet=&#8221;500&#8243; global_colors_info=&#8221;{}&#8221;][et_pb_row _builder_version=&#8221;3.25&#8243; max_width=&#8221;1170px&#8221; global_colors_info=&#8221;{}&#8221;][et_pb_column type=&#8221;4_4&#8243; _builder_version=&#8221;3.25&#8243; custom_padding=&#8221;|||&#8221; global_colors_info=&#8221;{}&#8221; custom_padding__hover=&#8221;|||&#8221;][et_pb_text admin_label=&#8221;Rain Must Fall Content &#8211; Freddie &#8211; Text&#8221; _builder_version=&#8221;4.4.3&#8243; text_font=&#8221;Noto Sans|500|||||||&#8221; text_font_size=&#8221;50px&#8221; text_letter_spacing=&#8221;0.4px&#8221; text_line_height=&#8221;147%&#8221; max_width=&#8221;920px&#8221; text_font_size_tablet=&#8221;36px&#8221; text_font_size_phone=&#8221;22px&#8221; text_font_size_last_edited=&#8221;on|phone&#8221; z_index_tablet=&#8221;500&#8243; inline_fonts=&#8221;UTM BRYAN BOLD&#8221; global_colors_info=&#8221;{}&#8221;]<\/p>\n<p><span style=\"font-family: 'UTM BRYAN BOLD'; font-weight: normal;\">VSLC Course Completion Form<\/span><\/p>\n<p>[\/et_pb_text][\/et_pb_column][\/et_pb_row][et_pb_row use_custom_gutter=&#8221;on&#8221; gutter_width=&#8221;2&#8243; custom_padding_last_edited=&#8221;on|tablet&#8221; _builder_version=&#8221;4.14.2&#8243; max_width=&#8221;1170px&#8221; custom_padding=&#8221;11px||&#8221; custom_padding_tablet=&#8221;0px||&#8221; custom_padding_phone=&#8221;&#8221; global_colors_info=&#8221;{}&#8221;][et_pb_column type=&#8221;4_4&#8243; _builder_version=&#8221;3.25&#8243; custom_padding=&#8221;4px|||&#8221; global_colors_info=&#8221;{}&#8221; custom_padding__hover=&#8221;|||&#8221;][et_pb_text admin_label=&#8221;Rain Must Fall Content &#8211; Freddie &#8211; Text&#8221; _builder_version=&#8221;4.14.2&#8243; text_font=&#8221;Poppins||||||||&#8221; text_text_color=&#8221;#000000&#8243; text_font_size=&#8221;16px&#8221; text_line_height=&#8221;193%&#8221; z_index_tablet=&#8221;500&#8243; custom_css_main_element=&#8221;font-weight: 400 !important;&#8221; inline_fonts=&#8221;UTM AVO&#8221; global_colors_info=&#8221;{}&#8221;]<\/p>\n<p class=\"special-heading-inner-border\"><span style=\"font-family: UTM AVO;\">You must complete this after any registered VSLC course is completed. A<\/span><span style=\"font-family: UTM AVO;\">fter running a VSLC course, you must submit the assessment results using the form below. You should complete this form in full. If you have any questions, please contact <a href=\"mailto:hello@vslc.com.vn\">hello@vslc.com.vn<\/a> for support.<\/span><\/p>\n<p class=\"special-heading-inner-border\"><span style=\"font-family: UTM AVO;\">1) <\/span><span style=\"font-family: UTM AVO;\"><\/span><span style=\"font-family: UTM AVO;\"><\/span><span style=\"font-family: UTM AVO;\">You should complete this form <span style=\"text-decoration: underline;\">within 24 hours of the course finishing.<\/span> <\/span><\/p>\n<p><span style=\"font-family: UTM AVO;\">2) Once you have submitted this form, you will receive an invoice for payment within 48 hours for any registration fees that are due. <\/span><\/p>\n<p><span style=\"font-family: UTM AVO;\">3) Once any registration dues are paid, you will receive electronic certificates within 5 working days.\u00a0<\/p>\n<p><\/span><strong><span style=\"font-family: UTM AVO;\">NOTE:\u00a0<\/span><\/strong><span style=\"font-family: UTM AVO;\">Any submissions for courses that have not been approved will be rejected. You must complete the Course Registration process before running a VSLC course and your course must be approved.\u00a0<\/span><\/p>\n<p><span style=\"font-family: UTM AVO;\"><\/span><\/p>\n<p><span style=\"font-family: UTM AVO;\"><\/span><\/p>\n<p><span style=\"font-family: UTM AVO;\"><\/span><\/p>\n<p>[\/et_pb_text][\/et_pb_column][\/et_pb_row][et_pb_row _builder_version=&#8221;4.14.2&#8243; _module_preset=&#8221;default&#8221; global_colors_info=&#8221;{}&#8221;][et_pb_column type=&#8221;4_4&#8243; _builder_version=&#8221;4.14.2&#8243; _module_preset=&#8221;default&#8221; global_colors_info=&#8221;{}&#8221;][et_pb_code _builder_version=&#8221;4.14.2&#8243; _module_preset=&#8221;default&#8221; hover_enabled=&#8221;0&#8243; sticky_enabled=&#8221;0&#8243;]<div class=\"forminator-ui forminator-custom-form forminator-custom-form-363039 forminator-design--default  forminator_ajax\" data-forminator-render=\"0\" data-form=\"forminator-module-363039\" data-uid=\"69f40fd1b9bb6\"><br\/><\/div><form\n\t\t\t\tid=\"forminator-module-363039\"\n\t\t\t\tclass=\"forminator-ui forminator-custom-form forminator-custom-form-363039 forminator-design--default  forminator_ajax\"\n\t\t\t\tmethod=\"post\"\n\t\t\t\tdata-forminator-render=\"0\"\n\t\t\t\tdata-form-id=\"363039\"\n\t\t\t\tenctype=\"multipart\/form-data\" data-color-option=\"default\" data-design=\"default\" data-grid=\"open\" style=\"display: none;\"\n\t\t\t\tdata-uid=\"69f40fd1b9bb6\"\n\t\t\t><div role=\"alert\" aria-live=\"polite\" class=\"forminator-response-message forminator-error\" aria-hidden=\"true\"><\/div><div class=\"forminator-row\"><div id=\"name-1\" class=\"forminator-field-name forminator-col forminator-col-12 \"><div class=\"forminator-field\"><label for=\"forminator-field-name-1_69f40fd1b9bb6\" id=\"forminator-field-name-1_69f40fd1b9bb6-label\" class=\"forminator-label\">Enter the Course Approval Code | Nh\u1eadp m\u00e3 duy\u1ec7t kh\u00f3a h\u1ecdc <span class=\"forminator-required\">*<\/span><\/label><input type=\"text\" name=\"name-1\" value=\"\" placeholder=\"\" id=\"forminator-field-name-1_69f40fd1b9bb6\" class=\"forminator-input forminator-name--field\" aria-required=\"true\" autocomplete=\"name\" \/><\/div><\/div><\/div><div class=\"forminator-row\"><div id=\"radio-1\" class=\"forminator-field-radio forminator-col forminator-col-12 \"><div role=\"radiogroup\" class=\"forminator-field\" aria-labelledby=\"forminator-radiogroup-radio-1-69f40fd1b9bb6-label\"><span id=\"forminator-radiogroup-radio-1-69f40fd1b9bb6-label\" class=\"forminator-label\">Was the course completed successfully and as registered? | Kh\u00f3a h\u1ecdc c\u00f3 ho\u00e0n th\u00e0nh \u0111\u00fang nh\u01b0 \u0111\u00e3 \u0111\u0103ng k\u00fd kh\u00f4ng? <span class=\"forminator-required\">*<\/span><\/span><label id=\"forminator-field-radio-1-label-1\" for=\"forminator-field-radio-1-1-69f40fd1b9bb6\" class=\"forminator-radio\" title=\"Yes\"><input type=\"radio\" name=\"radio-1\" value=\"Yes\" id=\"forminator-field-radio-1-1-69f40fd1b9bb6\" aria-labelledby=\"forminator-field-radio-1-label-1\" data-calculation=\"0\"  \/><span class=\"forminator-radio-bullet\" aria-hidden=\"true\"><\/span><span class=\"forminator-radio-label\">Yes<\/span><\/label><label id=\"forminator-field-radio-1-label-2\" for=\"forminator-field-radio-1-2-69f40fd1b9bb6\" class=\"forminator-radio\" title=\"No\"><input type=\"radio\" name=\"radio-1\" value=\"No\" id=\"forminator-field-radio-1-2-69f40fd1b9bb6\" aria-labelledby=\"forminator-field-radio-1-label-2\" data-calculation=\"0\"  \/><span class=\"forminator-radio-bullet\" aria-hidden=\"true\"><\/span><span class=\"forminator-radio-label\">No<\/span><\/label><\/div><\/div><\/div><div class=\"forminator-row\"><div id=\"textarea-2\" class=\"forminator-field-textarea forminator-col forminator-col-12 \"><div class=\"forminator-field\"><label for=\"forminator-field-textarea-2_69f40fd1b9bb6\" id=\"forminator-field-textarea-2_69f40fd1b9bb6-label\" class=\"forminator-label\">Where there are any issues or challenges with the course, or is there any additional information you would like to provide? | C\u00f3 b\u1ea5t c\u1ee9 s\u1ef1 c\u1ed1\/kh\u00f3 kh\u0103n n\u00e0o hay l\u00e0 th\u00f4ng tin g\u00ec anh\/ch\u1ecb mu\u1ed1n l\u01b0u \u00fd kh\u00f4ng?<\/label><textarea name=\"textarea-2\" placeholder=\"\" id=\"forminator-field-textarea-2_69f40fd1b9bb6\" class=\"forminator-textarea\" rows=\"6\" style=\"--forminator-textarea-min-height:140px;\" ><\/textarea><\/div><\/div><\/div><div class=\"forminator-row\"><div id=\"upload-1\" class=\"forminator-field-upload forminator-col forminator-col-12 \"><div class=\"forminator-field\"><label for=\"forminator-field-upload-1_69f40fd1b9bb6\" id=\"forminator-field-upload-1_69f40fd1b9bb6-label\" class=\"forminator-label\">Upload the Candidate Registration Forms | T\u1ea3i phi\u1ebfu \u0111\u0103ng k\u00fd tham gia kh\u00f3a h\u1ecdc c\u1ee7a h\u1ecdc vi\u00ean l\u00ean<\/label><div class=\"forminator-multi-upload \" data-element=\"upload-1_69f40fd1b9bb6\"><input type=\"file\" name=\"upload-1[]\" id=\"forminator-field-upload-1_69f40fd1b9bb6\" class=\"forminator-input-file forminator-field-upload-1_69f40fd1b9bb6-363039\" multiple=\"multiple\" data-method=\"ajax\" data-size=\"20000000\" data-size-message=\"Maximum file size allowed is 20 MB. \"><div class=\"forminator-multi-upload-message\" aria-hidden=\"true\"><span class=\"forminator-icon-upload\" aria-hidden=\"true\"><\/span><p>Drag and Drop (or) <a class=\"forminator-upload-file--forminator-field-upload-1_69f40fd1b9bb6\" href=\"#\" onclick=\"return false;\">Choose Files<\/a><\/p><\/div><\/div><ul class=\"forminator-uploaded-files upload-container-upload-1_69f40fd1b9bb6\"><\/ul><\/div><\/div><\/div><div class=\"forminator-row\"><div id=\"upload-3\" class=\"forminator-field-upload forminator-col forminator-col-12 \"><div class=\"forminator-field\"><label for=\"forminator-field-upload-3_69f40fd1b9bb6\" id=\"forminator-field-upload-3_69f40fd1b9bb6-label\" class=\"forminator-label\">Upload Course Assessment Documents | T\u1ea3i c\u00e1c v\u0103n b\u1ea3n ki\u1ec3m tra cu\u1ed1i kh\u00f3a<\/label><div class=\"forminator-multi-upload \" data-element=\"upload-3_69f40fd1b9bb6\"><input type=\"file\" name=\"upload-3[]\" id=\"forminator-field-upload-3_69f40fd1b9bb6\" class=\"forminator-input-file forminator-field-upload-3_69f40fd1b9bb6-363039\" multiple=\"multiple\" data-method=\"ajax\" data-size=\"8000000\" data-size-message=\"Maximum file size allowed is 8 MB. \"><div class=\"forminator-multi-upload-message\" aria-hidden=\"true\"><span class=\"forminator-icon-upload\" aria-hidden=\"true\"><\/span><p>Drag and Drop (or) <a class=\"forminator-upload-file--forminator-field-upload-3_69f40fd1b9bb6\" href=\"#\" onclick=\"return false;\">Choose Files<\/a><\/p><\/div><\/div><ul class=\"forminator-uploaded-files upload-container-upload-3_69f40fd1b9bb6\"><\/ul><\/div><\/div><\/div><div class=\"forminator-row\"><div id=\"upload-2\" class=\"forminator-field-upload forminator-col forminator-col-12 \"><div class=\"forminator-field\"><label for=\"forminator-field-upload-2_69f40fd1b9bb6\" id=\"forminator-field-upload-2_69f40fd1b9bb6-label\" class=\"forminator-label\">Upload the Course Register | T\u1ea3i phi\u1ebfu \u0111\u0103ng k\u00fd t\u1ed5 ch\u1ee9c kh\u00f3a h\u1ecdc l\u00ean<\/label><div class=\"forminator-multi-upload \" data-element=\"upload-2_69f40fd1b9bb6\"><input type=\"file\" name=\"upload-2[]\" id=\"forminator-field-upload-2_69f40fd1b9bb6\" class=\"forminator-input-file forminator-field-upload-2_69f40fd1b9bb6-363039\" multiple=\"multiple\" data-method=\"ajax\" data-size=\"8000000\" data-size-message=\"Maximum file size allowed is 8 MB. \"><div class=\"forminator-multi-upload-message\" aria-hidden=\"true\"><span class=\"forminator-icon-upload\" aria-hidden=\"true\"><\/span><p>Drag and Drop (or) <a class=\"forminator-upload-file--forminator-field-upload-2_69f40fd1b9bb6\" href=\"#\" onclick=\"return false;\">Choose Files<\/a><\/p><\/div><\/div><ul class=\"forminator-uploaded-files upload-container-upload-2_69f40fd1b9bb6\"><\/ul><\/div><\/div><\/div><div class=\"forminator-row\"><div id=\"consent-1\" class=\"forminator-field-consent forminator-col forminator-col-12 \"><div class=\"forminator-field\"><label for=\"forminator-field-consent-1_69f40fd1b9bb6\" id=\"forminator-field-consent-1_69f40fd1b9bb6-label\" class=\"forminator-label\">Declaration | Cam \u0111oan <span class=\"forminator-required\">*<\/span><\/label><div class=\"forminator-checkbox__wrapper\"><label id=\"forminator-field-consent-1_69f40fd1b9bb6__label\" class=\"forminator-checkbox forminator-consent\"><input type=\"checkbox\" name=\"consent-1\" id=\"forminator-field-consent-1_69f40fd1b9bb6\" value=\"checked\" aria-labelledby=\"forminator-field-consent-1_69f40fd1b9bb6-label\" aria-describedby=\"forminator-field-consent-1_69f40fd1b9bb6__description\" data-required=\"true\" aria-required=\"true\" \/><span class=\"forminator-checkbox-box\" aria-hidden=\"true\"><\/span><\/label><div id=\"forminator-field-consent-1_69f40fd1b9bb6__description\" class=\"forminator-checkbox__label forminator-consent__label\"><p>I declare that this submission is correct and all the information has been completed in full. I understand that providing false information can lead to my trainer status being withdrawn. \/ T\u00f4i xin \u0111\u01b0\u1ee3c cam \u0111oan r\u1eb1ng m\u1eabu \u0111\u01a1n n\u00e0y l\u00e0 \u0111\u00fang v\u00e0 m\u1ecdi th\u00f4ng tin tr\u00ean l\u00e0 \u0111\u1ea9y \u0111\u1ee7. T\u00f4i hi\u1ec3u r\u1eb1ng n\u1ebfu c\u00e1c th\u00f4ng tin n\u00e0y m\u00e0 sai th\u00ec quy\u1ec1n l\u00e0m gi\u00e1o vi\u00ean c\u1ee7a t\u00f4i s\u1ebd b\u1ecb r\u00fat l\u1ea1i.<\/p><\/div><\/div><\/div><\/div><\/div><input type=\"hidden\" name=\"referer_url\" value=\"\" \/><div class=\"forminator-row forminator-row-last\"><div class=\"forminator-col\"><div class=\"forminator-field\"><button class=\"forminator-button forminator-button-submit\">Send Message | G\u1eedi tin nh\u1eafn<\/button><\/div><\/div><\/div><input type=\"hidden\" id=\"forminator_nonce\" name=\"forminator_nonce\" value=\"393853b4ea\" \/><input type=\"hidden\" name=\"_wp_http_referer\" value=\"\/en\/wp-json\/wp\/v2\/pages\/363029\" \/><input type=\"hidden\" name=\"form_id\" value=\"363039\"><input type=\"hidden\" name=\"page_id\" value=\"363029\"><input type=\"hidden\" name=\"form_type\" value=\"default\"><input type=\"hidden\" name=\"current_url\" value=\"https:\/\/vslc.com.vn\/en\/course-assessment-submissions\/\"><input type=\"hidden\" name=\"render_id\" value=\"0\"><input type=\"hidden\" name=\"forminator-multifile-hidden\" class=\"forminator-multifile-hidden\"><input type=\"hidden\" name=\"action\" value=\"forminator_submit_form_custom-forms\"><\/form>[\/et_pb_code][\/et_pb_column][\/et_pb_row][\/et_pb_section]<\/p>\n","protected":false},"excerpt":{"rendered":"<p>VSLC Course Completion FormYou must complete this after any registered VSLC course is completed. After running a VSLC course, you must submit the assessment results using the form below. You should complete this form in full. If you have any questions, please contact hello@vslc.com.vn for support. 1) You should complete this form within 24 hours [&hellip;]<\/p>\n","protected":false},"author":1,"featured_media":0,"parent":0,"menu_order":0,"comment_status":"closed","ping_status":"closed","template":"","meta":{"_et_pb_use_builder":"on","_et_pb_old_content":"","_et_gb_content_width":"","content-type":"","footnotes":""},"class_list":["post-363029","page","type-page","status-publish","hentry"],"_links":{"self":[{"href":"https:\/\/vslc.com.vn\/en\/wp-json\/wp\/v2\/pages\/363029","targetHints":{"allow":["GET"]}}],"collection":[{"href":"https:\/\/vslc.com.vn\/en\/wp-json\/wp\/v2\/pages"}],"about":[{"href":"https:\/\/vslc.com.vn\/en\/wp-json\/wp\/v2\/types\/page"}],"author":[{"embeddable":true,"href":"https:\/\/vslc.com.vn\/en\/wp-json\/wp\/v2\/users\/1"}],"replies":[{"embeddable":true,"href":"https:\/\/vslc.com.vn\/en\/wp-json\/wp\/v2\/comments?post=363029"}],"version-history":[{"count":0,"href":"https:\/\/vslc.com.vn\/en\/wp-json\/wp\/v2\/pages\/363029\/revisions"}],"wp:attachment":[{"href":"https:\/\/vslc.com.vn\/en\/wp-json\/wp\/v2\/media?parent=363029"}],"curies":[{"name":"wp","href":"https:\/\/api.w.org\/{rel}","templated":true}]}}